{"id":18,"date":"2019-05-10T12:00:43","date_gmt":"2019-05-10T10:00:43","guid":{"rendered":"http:\/\/bipbp.powiatlubaczowski.pl\/?page_id=18"},"modified":"2024-05-15T11:12:48","modified_gmt":"2024-05-15T09:12:48","slug":"budzet","status":"publish","type":"page","link":"http:\/\/bipbp.powiatlubaczowski.pl\/?page_id=18","title":{"rendered":"Bud\u017cet"},"content":{"rendered":"<p>Bud\u017cet za rok 2023<\/p>\n<ol>\n<li><a href=\"http:\/\/bipbp.powiatlubaczowski.pl\/wp-content\/uploads\/2024\/05\/inf.dodatkowa.pdf\">Wprowadzenie do sprawozdania finansowego.<\/a><\/li>\n<li><a href=\"http:\/\/bipbp.powiatlubaczowski.pl\/wp-content\/uploads\/2024\/05\/bilans_jednostki.pdf\">Bilans za rok 2023.<\/a><\/li>\n<li><a href=\"http:\/\/bipbp.powiatlubaczowski.pl\/wp-content\/uploads\/2024\/05\/RZiS.pdf\">Rachunek zysk\u00f3w i strat za rok 2023.<\/a><\/li>\n<li><a href=\"http:\/\/bipbp.powiatlubaczowski.pl\/wp-content\/uploads\/2024\/05\/fundusz_jednostki.pdf\">Zestawienie zmian w funduszu jednostki w 2023 roku.<\/a><\/li>\n<\/ol>\n<p>Bud\u017cet za rok 2022<\/p>\n<ol>\n<li><a href=\"http:\/\/bipbp.powiatlubaczowski.pl\/wp-content\/uploads\/2024\/05\/Wprowadzenie-i-informacja-dodatkowa.pdf\">Wprowadzenie do sprawozdania finansowego.<\/a><\/li>\n<li><a href=\"http:\/\/bipbp.powiatlubaczowski.pl\/wp-content\/uploads\/2024\/05\/Bilans.pdf\">Bilans za rok 2022.<\/a><\/li>\n<li><a href=\"http:\/\/bipbp.powiatlubaczowski.pl\/wp-content\/uploads\/2024\/05\/Rachunek-zyskow-i-strat.pdf\">Rachunek zysk\u00f3w i strat za rok 2022.<\/a><\/li>\n<li><a href=\"http:\/\/bipbp.powiatlubaczowski.pl\/wp-content\/uploads\/2024\/05\/Zestawienie-zmian-w-funduszu.pdf\">Zestawienie zmian w funduszu jednostki w 2022 roku.<\/a><\/li>\n<\/ol>\n<p>Bud\u017cet za rok 2021<\/p>\n<ol>\n<li><a href=\"http:\/\/bipbp.powiatlubaczowski.pl\/wp-content\/uploads\/2022\/06\/Wprowadzenie-do-sprawozdania_za_rok_2021.pdf\" target=\"_blank\" rel=\"noopener\">Wprowadzenie do sprawozdania za 2021 rok<\/a><\/li>\n<li><a href=\"http:\/\/bipbp.powiatlubaczowski.pl\/wp-content\/uploads\/2022\/06\/Bilans_za_rok_2021.pdf\" target=\"_blank\" rel=\"noopener\">Bilans za 2021 rok<\/a><\/li>\n<li><a href=\"http:\/\/bipbp.powiatlubaczowski.pl\/wp-content\/uploads\/2022\/06\/Rachunek-zyskow-i-strat_za_rok_2021.pdf\" target=\"_blank\" rel=\"noopener\">Rachunek zysk\u00f3w i strat za 2021 rok.<\/a><\/li>\n<li><a href=\"http:\/\/bipbp.powiatlubaczowski.pl\/wp-content\/uploads\/2022\/06\/Zmiany-w-funduszu_za_rok_2021.pdf\" target=\"_blank\" rel=\"noopener\">Zestawienie zmian w funduszu jednostki w 2021 roku.<\/a><\/li>\n<li><a href=\"http:\/\/bipbp.powiatlubaczowski.pl\/wp-content\/uploads\/2022\/06\/informacja-dodatkowa_za_rok_2021.pdf\" target=\"_blank\" rel=\"noopener\">Informacja dodatkowa za 2021 rok.<\/a><\/li>\n<\/ol>\n<p>Bud\u017cet za rok 2020<\/p>\n<ol>\n<li><a href=\"http:\/\/bipbp.powiatlubaczowski.pl\/wp-content\/uploads\/2021\/05\/1_bilans_za_2020_rok.pdf\">Bilans za 2020 rok<\/a><\/li>\n<li><a href=\"http:\/\/bipbp.powiatlubaczowski.pl\/wp-content\/uploads\/2021\/05\/2_rachunek_zyskow_i_strat_za_2020_rok.pdf\">Rachunek zysk\u00f3w i strat za 2020 rok.<\/a><\/li>\n<li><a href=\"http:\/\/bipbp.powiatlubaczowski.pl\/wp-content\/uploads\/2021\/05\/3_zestawienie_zmian_w_funduszu_jednostki_w_2020_roku.pdf\">Zestawienie zmian w funduszu jednostki w 2020 roku.<\/a><\/li>\n<li><a href=\"http:\/\/bipbp.powiatlubaczowski.pl\/wp-content\/uploads\/2021\/05\/8_informacje_dodatkowe_2020_rok.pdf\">Informacja dodatkowa za 2020 rok.<\/a><\/li>\n<\/ol>\n<p>&nbsp;<\/p>\n<p>Bud\u017cet za rok 2019<\/p>\n<ol>\n<li><a href=\"http:\/\/bipbp.powiatlubaczowski.pl\/wp-content\/uploads\/2021\/06\/Bilans-2019.pdf\">Bilans za 2019 rok.<\/a><\/li>\n<li><a href=\"http:\/\/bipbp.powiatlubaczowski.pl\/wp-content\/uploads\/2021\/06\/Rachunek-zyskow-i-strat-2019.pdf\">Rachunek zysk\u00f3w i strat za 2019 rok.<\/a><\/li>\n<li><a href=\"http:\/\/bipbp.powiatlubaczowski.pl\/wp-content\/uploads\/2021\/06\/Zestawienie-zmian-w-funduszu-jednostki-2019.pdf\">Zestawienie zmian w funduszu jednostki w 2019 roku.<\/a><\/li>\n<li><a href=\"http:\/\/bipbp.powiatlubaczowski.pl\/wp-content\/uploads\/2021\/06\/Wprowadzenie-do-sprawozdania-2019.pdf\">Informacja dodatkowa za 2019 rok.<\/a><\/li>\n<\/ol>\n<p>&nbsp;<\/p>\n<p>Bud\u017cet za rok 2018<\/p>\n<ol>\n<li><a href=\"http:\/\/bipbp.powiatlubaczowski.pl\/wp-content\/uploads\/2019\/05\/Bilans_2018.pdf\">Bilans za 2018 rok.<\/a><\/li>\n<li><a href=\"http:\/\/bipbp.powiatlubaczowski.pl\/wp-content\/uploads\/2019\/05\/Rachunek_strat_i_zyskow_2018.pdf\">Rachunek zysk\u00f3w i strat za 2018 rok.<\/a><\/li>\n<li><a href=\"http:\/\/bipbp.powiatlubaczowski.pl\/wp-content\/uploads\/2019\/05\/Zestawienie_zmian_w_funduszu_jednostki_2018.pdf\">Zestawienie zmian w funduszu jednostki w 2018 roku.<\/a><\/li>\n<li><a href=\"http:\/\/bipbp.powiatlubaczowski.pl\/wp-content\/uploads\/2019\/05\/Informacja_dodatkowa_2018.pdf\">Informacja dodatkowa za 2018 rok.<\/a><\/li>\n<\/ol>\n<p>&nbsp;<\/p>\n<p>&nbsp;<\/p>\n<p>&nbsp;<\/p>\n<p>&nbsp;<\/p>\n","protected":false},"excerpt":{"rendered":"<p>Bud\u017cet za rok 2023 Wprowadzenie do sprawozdania finansowego. Bilans za rok 2023. Rachunek zysk\u00f3w i strat za rok 2023. Zestawienie zmian w funduszu jednostki w 2023 roku. Bud\u017cet za rok 2022 Wprowadzenie do sprawozdania finansowego. Bilans za rok 2022. Rachunek zysk\u00f3w i strat za rok 2022. Zestawienie zmian w funduszu jednostki w 2022 roku. Bud\u017cet\u2026 <span class=\"read-more\"><a href=\"http:\/\/bipbp.powiatlubaczowski.pl\/?page_id=18\">Dowiedz si\u0119 wi\u0119cej &raquo;<\/a><\/span><\/p>\n","protected":false},"author":1,"featured_media":0,"parent":0,"menu_order":5,"comment_status":"closed","ping_status":"closed","template":"","meta":[],"_links":{"self":[{"href":"http:\/\/bipbp.powiatlubaczowski.pl\/index.php?rest_route=\/wp\/v2\/pages\/18"}],"collection":[{"href":"http:\/\/bipbp.powiatlubaczowski.pl\/index.php?rest_route=\/wp\/v2\/pages"}],"about":[{"href":"http:\/\/bipbp.powiatlubaczowski.pl\/index.php?rest_route=\/wp\/v2\/types\/page"}],"author":[{"embeddable":true,"href":"http:\/\/bipbp.powiatlubaczowski.pl\/index.php?rest_route=\/wp\/v2\/users\/1"}],"replies":[{"embeddable":true,"href":"http:\/\/bipbp.powiatlubaczowski.pl\/index.php?rest_route=%2Fwp%2Fv2%2Fcomments&post=18"}],"version-history":[{"count":9,"href":"http:\/\/bipbp.powiatlubaczowski.pl\/index.php?rest_route=\/wp\/v2\/pages\/18\/revisions"}],"predecessor-version":[{"id":165,"href":"http:\/\/bipbp.powiatlubaczowski.pl\/index.php?rest_route=\/wp\/v2\/pages\/18\/revisions\/165"}],"wp:attachment":[{"href":"http:\/\/bipbp.powiatlubaczowski.pl\/index.php?rest_route=%2Fwp%2Fv2%2Fmedia&parent=18"}],"curies":[{"name":"wp","href":"https:\/\/api.w.org\/{rel}","templated":true}]}}